{"id":16,"date":"2017-10-01T21:41:56","date_gmt":"2017-10-01T21:41:56","guid":{"rendered":"http:\/\/hermert-bedachungen.de\/?page_id=16"},"modified":"2020-11-30T09:54:28","modified_gmt":"2020-11-30T09:54:28","slug":"impressum","status":"publish","type":"page","link":"https:\/\/hermert-bedachungen.de\/?page_id=16","title":{"rendered":"Impressum"},"content":{"rendered":"<div id=\"content\" class=\"span12 article-container tc-gallery-style\">\n<article id=\"page-19\" class=\"row-fluid post-19 page type-page status-publish hentry\">\n<header class=\"entry-header\">\n<hr class=\"featurette-divider __before_content\" \/>\n<\/header>\n<div class=\"entry-content\">\n<p>Angaben gem\u00e4\u00df \u00a7 5 TMG<\/p>\n<p>Olaf Hermert<br \/>\nSchwarthoffstra\u00dfe 10<br \/>\n46244 Kirchhellen<\/p>\n<p><strong>Kontakt:<\/strong><\/p>\n<p>Telefon: 02045 \/ 8544840<br \/>\nFax: 02045 \/ 8545886<br \/>\neMail: info@hermert-bedachungen.de<\/p>\n<p>Ust-Id. Nr\u00a0: DE250612657<br \/>\nEingetragen in der Handwerksrolle der HWK M\u00fcnster<\/p>\n<p>Verantwortliche\/r i.S.d. \u00a7 55 Abs. 2 RStV:<br \/>\nOlaf Hermert<\/p>\n<h3 class=\"western\"><strong>Haftungsausschluss<\/strong><\/h3>\n<h4 class=\"western\">1. Inhalt des Onlineangebotes<\/h4>\n<p class=\"western\">Der Autor \u00fcbernimmt keinerlei Gew\u00e4hr f\u00fcr die Aktualit\u00e4t, Korrektheit, Vollst\u00e4ndigkeit oder Qualit\u00e4t der bereitgestellten Informationen. Haftungsanspr\u00fcche gegen den Autor, die sich auf Sch\u00e4den materieller oder ideeller Art beziehen, welche durch die Nutzung oder Nichtnutzung der dargebotenen Informationen bzw. durch die Nutzung fehlerhafter und unvollst\u00e4ndiger Informationen verursacht wurden sind grunds\u00e4tzlich ausgeschlossen, sofern seitens des Autors kein nachweislich vors\u00e4tzliches oder grob fahrl\u00e4ssiges Verschulden vorliegt. Alle Angebote sind frei-bleibend und unverbindlich. Der Autor beh\u00e4lt es sich ausdr\u00fccklich vor, Teile der Seiten oder das gesamte Angebot ohne gesonderte Ank\u00fcndigung zu ver\u00e4ndern, zu erg\u00e4nzen, zu l\u00f6schen oder die Ver\u00f6ffentlichung zeitweise oder endg\u00fcltig einzustellen.<\/p>\n<h4 class=\"western\">2. Verweise und Links<\/h4>\n<p class=\"western\">Sofern auf Verweis-ziele (\u201eLinks\u201c) direkt oder indirekt verwiesen wird, die au\u00dferhalb des Verantwortungsbereiches des Autors liegen, haftet dieser nur dann, wenn er von den Inhalten Kenntnis hat und es ihm technisch m\u00f6glich und zumutbar w\u00e4re, die Nutzung im Falle rechtswidriger Inhalte zu verhindern. F\u00fcr dar\u00fcber hinausgehende Inhalte und insbesondere f\u00fcr Sch\u00e4den, die aus der Nutzung oder Nichtnutzung solcherart dargebotener Informationen entstehen, haftet allein der Anbieter der Seite, auf welche verwiesen wurde, nicht derjenige, der \u00fcber Links auf die jeweilige Ver\u00f6ffentlichung lediglich verweist. Diese Einschr\u00e4nkung gilt gleicherma\u00dfen auch f\u00fcr Fremdeintr\u00e4ge in vom Autor eingerichteten G\u00e4steb\u00fcchern, Diskussionsforen und Mailinglisten.<\/p>\n<h4 class=\"western\">3. Urheberrecht<\/h4>\n<p class=\"western\">Der Autor ist bestrebt, in allen Publikationen die Urheberrechte der verwendeten Grafiken, Tondokumente, Videosequenzen und Texte zu beachten, von ihm selbst erstellte Grafiken, Tondokumente, Videosequenzen und Texte zu nutzen oder auf lizenzfreie Grafiken, Tondokumente, Videosequenzen und Texte zur\u00fcckzugreifen. Das Copyright f\u00fcr ver\u00f6ffentlichte, vom Autor selbst erstellte Objekte bleibt allein beim Autor der Seiten. Eine Vervielf\u00e4ltigung oder Verwendung solcher Grafiken, Tondokumente, Videosequenzen und Texte in anderen elektronischen oder gedruckten Publikationen ist ohne ausdr\u00fcckliche Zustimmung des Autors nicht gestattet. 4. Rechtswirksamkeit dieses Haftungsausschlusses Dieser Haftungsausschluss ist als Teil des Internetangebotes zu betrachten, von dem aus auf diese Seite verwiesen wurde. Sofern Teile oder einzelne Formulierungen dieses Textes der geltenden Rechtslage nicht, nicht mehr oder nicht vollst\u00e4ndig entsprechen sollten, bleiben die \u00fcbrigen Teile des Dokumentes in ihrem Inhalt und ihrer G\u00fcltigkeit davon unber\u00fchrt.<\/p>\n<\/div>\n<\/article>\n<\/div>\n","protected":false},"excerpt":{"rendered":"<p>Angaben gem\u00e4\u00df \u00a7 5 TMG Olaf Hermert Schwarthoffstra\u00dfe 10 46244 Kirchhellen Kontakt: Telefon: 02045 \/ 8544840 Fax: 02045 \/ 8545886 eMail: info@hermert-bedachungen.de Ust-Id. Nr\u00a0: DE250612657 Eingetragen in der Handwerksrolle der HWK M\u00fcnster Verantwortliche\/r i.S.d. \u00a7 55 Abs. 2 RStV: Olaf Hermert Haftungsausschluss 1. Inhalt des Onlineangebotes Der Autor \u00fcbernimmt keinerlei Gew\u00e4hr f\u00fcr die Aktualit\u00e4t, Korrektheit, [&hellip;]<\/p>\n","protected":false},"author":1,"featured_media":0,"parent":0,"menu_order":0,"comment_status":"closed","ping_status":"closed","template":"","meta":[],"_links":{"self":[{"href":"https:\/\/hermert-bedachungen.de\/index.php?rest_route=\/wp\/v2\/pages\/16"}],"collection":[{"href":"https:\/\/hermert-bedachungen.de\/index.php?rest_route=\/wp\/v2\/pages"}],"about":[{"href":"https:\/\/hermert-bedachungen.de\/index.php?rest_route=\/wp\/v2\/types\/page"}],"author":[{"embeddable":true,"href":"https:\/\/hermert-bedachungen.de\/index.php?rest_route=\/wp\/v2\/users\/1"}],"replies":[{"embeddable":true,"href":"https:\/\/hermert-bedachungen.de\/index.php?rest_route=%2Fwp%2Fv2%2Fcomments&post=16"}],"version-history":[{"count":5,"href":"https:\/\/hermert-bedachungen.de\/index.php?rest_route=\/wp\/v2\/pages\/16\/revisions"}],"predecessor-version":[{"id":220,"href":"https:\/\/hermert-bedachungen.de\/index.php?rest_route=\/wp\/v2\/pages\/16\/revisions\/220"}],"wp:attachment":[{"href":"https:\/\/hermert-bedachungen.de\/index.php?rest_route=%2Fwp%2Fv2%2Fmedia&parent=16"}],"curies":[{"name":"wp","href":"https:\/\/api.w.org\/{rel}","templated":true}]}}