{"id":19,"date":"2017-10-01T21:43:09","date_gmt":"2017-10-01T21:43:09","guid":{"rendered":"http:\/\/hermert-bedachungen.de\/?page_id=19"},"modified":"2017-12-19T15:29:47","modified_gmt":"2017-12-19T15:29:47","slug":"wir_ueber_uns","status":"publish","type":"page","link":"https:\/\/hermert-bedachungen.de\/?page_id=19","title":{"rendered":""},"content":{"rendered":"<div id=\"content\" class=\"span12 article-container tc-gallery-style\">\n<article id=\"page-45\" class=\"row-fluid post-45 page type-page status-publish hentry\">\n<header class=\"entry-header\">\n<h1 class=\"entry-title \">Wir \u00fcber uns<\/h1>\n<hr class=\"featurette-divider __before_content\" \/>\n<\/header>\n<div class=\"entry-content\">\n<p class=\"western\">Der Dachdeckermeister Olaf Hermert kann auf eine 30 j\u00e4hrige Berufserfahrung zur\u00fcckgreifen.<\/p>\n<p>1987 absolvierte er die Pr\u00fcfung zum Dachdeckergesellen und legte<br \/>\n1995 die Meisterpr\u00fcfung zum Dachdeckermeister ab.<br \/>\nSeit 2006 ist er Selbstst\u00e4ndig im eigenen Dachdeckermeisterbetrieb als Einzelunternehmen.<\/p>\n<p class=\"western\">Olaf Hermert ist verantwortlich f\u00fcr Kundengespr\u00e4che, Erstellung der Angebote und Leistungsverzeichnisse, \u00dcberwachung der Baustellen und Mitarbeiter, Kalkulation, Beratung von Kunden, Architekten und Beh\u00f6rden, Aufma\u00df und Abrechnung der Leistungen, Planung und Angebotserstellung sowie die ganze Organisation und Terminierung.<\/p>\n<p class=\"western\">Erfahrungen von fast 30 Jahren auf deutschen D\u00e4chern bilden die Grundlage, um in allen Bereichen der Dachdeckerei und Dachklempnerei fachlich korrekte Leistungen zur Zufriedenheit der Kunden zu erbringen.<\/p>\n<p>Der Einsatz von geschultem Personal, moderner Verarbeitungs- und Transporttechnik sowie Materialien von f\u00fchrenden Herstellern, alle mit amtlichen Pr\u00fcfzeugnissen, sind wesentliche St\u00fctzen unseres Unternehmens. F\u00fcr unsere Leistungen b\u00fcrge ich als erfahrener Dachdeckermeister mit meinem Namen.<\/p>\n<p class=\"western\">\u201eDach und Fassade\u201c sind wesentliche Gestaltungsmerkmale eines jeden Hauses. Jeder, der sich mit Dachgestaltung besch\u00e4ftigt, wird sich deshalb bem\u00fchen, die jeweils beste und zugleich architektonisch ansprechende L\u00f6sung zu finden. Trotz dieser anspruchsvollen \u00e4u\u00dferen Gestaltungsm\u00f6glichkeit darf nat\u00fcrlich die Funktionalit\u00e4t des deutschen Daches in keiner Weise negativ beeintr\u00e4chtigt werden. Sicherheit ist hier oberstes Gebot, denn durch das Dach sollen letztlich auch erhebliche Sachwerte dauerhaft gesch\u00fctzt werden.<\/p>\n<p class=\"western\">Die Firma Hermert-Bedachungen ist Ihr kompetenter Gesch\u00e4ftspartner f\u00fcr alle Fragen rund ums Dach. Fachm\u00e4nnische Beratung erhalten Sie von Spezialisten ihres Faches, denn guter Rat ist oftmals gar nicht teuer \u2013 und ein dichtes Dach bedeutet Sicherheit.<\/p>\n<p class=\"western\">Noch wichtiger ist uns aber, dass die Firma <b>HERMERT-Bedachungen<\/b> im Service ganz vorne bleibt. Denn das ist doch das Entscheidende in der t\u00e4glichen Arbeit: dass Sie sich auf uns verlassen k\u00f6nnen. Hier kennt man noch jeden Kunden pers\u00f6nlich; hier kommt man selbst vom Fach; hier denkt man in Ihrer Kategorie und nichts ist dem Team wichtiger, als schnell und flexibel auf Kundenw\u00fcnsche zu reagieren. Bitte nehmen Sie uns pers\u00f6nlich beim Wort!<\/p>\n<p>Lassen Sie sich von uns ein verbindliches Angebot erstellen, egal ob Reparatur, Erneuerung oder ganz einfach zur Versch\u00f6nerung Ihres Eigenheims. Sie k\u00f6nnen uns jederzeit unter der von uns genannten Rufnummer erreichen.<\/p>\n<p class=\"western\">Wir w\u00fcrden uns freuen, Sie bald als unseren Kunden begr\u00fc\u00dfen zu d\u00fcrfen und hoffen schon jetzt auf eine gute Zusammenarbeit!<\/p>\n<p class=\"western\">Unser Kundenstamm kommt aus dem Einzugsgebiet D\u00fcsseldorf, Velbert, Essen Mettmann, Bottrop, Gladbeck, Gelsenkirchen und dem Niederrhein.<\/p>\n<p>Au\u00dfer der Ganzdach-Versorgung bieten wir viele Detailarbeiten, die das Dach noch sch\u00f6ner und den Lebensraum darunter noch attraktiver machen: Wir bauen Dachfl\u00e4chenfenster ein, Sanieren und Verzieren den Schornstein, und wir bringen Schmuck auf`s Dach, ganz nach Ihrem Geschmack.<\/p>\n<p>Dacheindeckungen, Blecharbeiten, Abdichtarbeiten, Holzarbeiten, W\u00e4rmeschutz, Dachfl\u00e4chenfenster, Reparaturservice, Kaminsanierung, Rinnenreinigung, Fassadenschutz, Kaminsanierungen, Schieferarbeiten, Schieferornamente, Flachdachisolierungen und \u2013abdichtungen, Dachbegr\u00fcnung, Bauklempnerarbeiten, Metallarbeiten an Dach + Fassade, Holzarbeiten, Gestaltung von Vord\u00e4chern.Wartung, \u00dcberpr\u00fcfung und Pflege.<\/p>\n<p class=\"western\">Einfach alles aus den Bereichen Sanierung und Erhaltung rund ums Dach.<\/p>\n<p class=\"western\">Unsere Beratung und Angebotserstellung ist kostenlos.<\/p>\n<p class=\"western\">Unser Meisterbetrieb arbeitet nach den Fachregeln des deutschen Dachdeckerhandwerks und steht f\u00fcr Qualit\u00e4t und Leistung!<\/p>\n<\/div>\n<\/article>\n<\/div>\n<p><!--more--><\/p>\n","protected":false},"excerpt":{"rendered":"<p>Wir \u00fcber uns Der Dachdeckermeister Olaf Hermert kann auf eine 30 j\u00e4hrige Berufserfahrung zur\u00fcckgreifen. 1987 absolvierte er die Pr\u00fcfung zum Dachdeckergesellen und legte 1995 die Meisterpr\u00fcfung zum Dachdeckermeister ab. Seit 2006 ist er Selbstst\u00e4ndig im eigenen Dachdeckermeisterbetrieb als Einzelunternehmen. Olaf Hermert ist verantwortlich f\u00fcr Kundengespr\u00e4che, Erstellung der Angebote und Leistungsverzeichnisse, \u00dcberwachung der Baustellen und Mitarbeiter, [&hellip;]<\/p>\n","protected":false},"author":1,"featured_media":0,"parent":0,"menu_order":0,"comment_status":"closed","ping_status":"closed","template":"","meta":[],"_links":{"self":[{"href":"https:\/\/hermert-bedachungen.de\/index.php?rest_route=\/wp\/v2\/pages\/19"}],"collection":[{"href":"https:\/\/hermert-bedachungen.de\/index.php?rest_route=\/wp\/v2\/pages"}],"about":[{"href":"https:\/\/hermert-bedachungen.de\/index.php?rest_route=\/wp\/v2\/types\/page"}],"author":[{"embeddable":true,"href":"https:\/\/hermert-bedachungen.de\/index.php?rest_route=\/wp\/v2\/users\/1"}],"replies":[{"embeddable":true,"href":"https:\/\/hermert-bedachungen.de\/index.php?rest_route=%2Fwp%2Fv2%2Fcomments&post=19"}],"version-history":[{"count":5,"href":"https:\/\/hermert-bedachungen.de\/index.php?rest_route=\/wp\/v2\/pages\/19\/revisions"}],"predecessor-version":[{"id":98,"href":"https:\/\/hermert-bedachungen.de\/index.php?rest_route=\/wp\/v2\/pages\/19\/revisions\/98"}],"wp:attachment":[{"href":"https:\/\/hermert-bedachungen.de\/index.php?rest_route=%2Fwp%2Fv2%2Fmedia&parent=19"}],"curies":[{"name":"wp","href":"https:\/\/api.w.org\/{rel}","templated":true}]}}